{"id":15001,"date":"2026-03-10T13:58:39","date_gmt":"2026-03-10T12:58:39","guid":{"rendered":"https:\/\/www.sargamassa.com\/blog\/?page_id=15001"},"modified":"2026-03-10T13:58:39","modified_gmt":"2026-03-10T12:58:39","slug":"inicio","status":"publish","type":"page","link":"https:\/\/www.sargamassa.com\/blog\/de\/inicio\/","title":{"rendered":"Inicio"},"content":{"rendered":"<h1>Blog de S\u2019Argamassa: descubre Ibiza<\/h1>\n<p>Bienvenido al blog de S\u2019Argamassa Boutique Hotel, un espacio donde compartimos inspiraci\u00f3n, recomendaciones y gu\u00edas para descubrir Ibiza de una forma aut\u00e9ntica. Desde nuestro hotel en Santa Eulalia del R\u00edo queremos ayudarte a conocer la isla m\u00e1s all\u00e1 de sus playas, explorando su cultura, su gastronom\u00eda y los lugares con m\u00e1s encanto del Mediterr\u00e1neo.<\/p>\n<p>Aqu\u00ed encontrar\u00e1s ideas sobre qu\u00e9 ver y qu\u00e9 hacer en Ibiza, recomendaciones de playas y calas, restaurantes locales, tradiciones ibicencas y experiencias para disfrutar durante tu estancia en la isla.<\/p>\n<p>Tanto si est\u00e1s planeando tu viaje como si ya te encuentras en Ibiza, este blog te ayudar\u00e1 a descubrir rincones especiales y vivir una experiencia \u00fanica en la isla.<\/p>\n","protected":false},"excerpt":{"rendered":"<p>Blog de S\u2019Argamassa: descubre Ibiza Bienvenido al blog de S\u2019Argamassa Boutique Hotel, un espacio donde compartimos inspiraci\u00f3n, recomendaciones y gu\u00edas para descubrir Ibiza de una forma aut\u00e9ntica. Desde nuestro hotel en Santa Eulalia del R\u00edo queremos ayudarte a conocer la isla m\u00e1s all\u00e1 de sus playas, explorando su cultura, su gastronom\u00eda y los lugares con &#8230; <a title=\"Inicio\" class=\"read-more\" href=\"https:\/\/www.sargamassa.com\/blog\/de\/inicio\/\" aria-label=\"Mehr bei Inicio\">Weiterlesen &#8230;<\/a><\/p>\n","protected":false},"author":5,"featured_media":0,"parent":0,"menu_order":0,"comment_status":"closed","ping_status":"closed","template":"","meta":[],"yoast_head":"<!-- This site is optimized with the Yoast SEO plugin v15.2.1 - https:\/\/yoast.com\/wordpress\/plugins\/seo\/ -->\n<title>Blog de S\u2019Argamassa Boutique Hotel | Gu\u00eda para descubrir Ibiza<\/title>\n<meta name=\"description\" content=\"Descubre Ibiza con el blog de S\u2019Argamassa Boutique Hotel: playas, gastronom\u00eda y recomendaciones para disfrutar de tu estancia en la isla\" \/>\n<meta name=\"robots\" content=\"index, follow, max-snippet:-1, max-image-preview:large, max-video-preview:-1\" \/>\n<link rel=\"canonical\" href=\"https:\/\/www.sargamassa.com\/blog\/de\/inicio\/\" \/>\n<meta property=\"og:locale\" content=\"de_DE\" \/>\n<meta property=\"og:type\" content=\"article\" \/>\n<meta property=\"og:title\" content=\"Blog de S\u2019Argamassa Boutique Hotel | Gu\u00eda para descubrir Ibiza\" \/>\n<meta property=\"og:description\" content=\"Descubre Ibiza con el blog de S\u2019Argamassa Boutique Hotel: playas, gastronom\u00eda y recomendaciones para disfrutar de tu estancia en la isla\" \/>\n<meta property=\"og:url\" content=\"https:\/\/www.sargamassa.com\/blog\/de\/inicio\/\" \/>\n<meta property=\"og:site_name\" content=\"Sargamassa Boutique Hotel | Blog\" \/>\n<meta property=\"article:publisher\" content=\"https:\/\/www.facebook.com\/sargamassapalacesuitehotel\" \/>\n<meta name=\"twitter:card\" content=\"summary\" \/>\n<meta name=\"twitter:label1\" content=\"Written by\">\n\t<meta name=\"twitter:data1\" content=\"Okisam\">\n\t<meta name=\"twitter:label2\" content=\"Est. reading time\">\n\t<meta name=\"twitter:data2\" content=\"1 Minute\">\n<script type=\"application\/ld+json\" class=\"yoast-schema-graph\">{\"@context\":\"https:\/\/schema.org\",\"@graph\":[{\"@type\":\"Organization\",\"@id\":\"https:\/\/www.sargamassa.com\/blog\/de\/#organization\",\"name\":\"S'Argamassa Boutique Hotel\",\"url\":\"https:\/\/www.sargamassa.com\/blog\/de\/\",\"sameAs\":[\"https:\/\/www.facebook.com\/sargamassapalacesuitehotel\",\"https:\/\/www.instagram.com\/sargamassapalace\/\"],\"logo\":{\"@type\":\"ImageObject\",\"@id\":\"https:\/\/www.sargamassa.com\/blog\/de\/#logo\",\"inLanguage\":\"de-DE\",\"url\":\"https:\/\/www.sargamassa.com\/blog\/wp-content\/uploads\/2021\/10\/Logo-SargamassaBH-Horizontal_Mesa-de-trabajo-1-copia-9.png\",\"width\":3573,\"height\":1300,\"caption\":\"S'Argamassa Boutique Hotel\"},\"image\":{\"@id\":\"https:\/\/www.sargamassa.com\/blog\/de\/#logo\"}},{\"@type\":\"WebSite\",\"@id\":\"https:\/\/www.sargamassa.com\/blog\/de\/#website\",\"url\":\"https:\/\/www.sargamassa.com\/blog\/de\/\",\"name\":\"Sargamassa Boutique Hotel | Blog\",\"description\":\"Otro sitio realizado con WordPress\",\"publisher\":{\"@id\":\"https:\/\/www.sargamassa.com\/blog\/de\/#organization\"},\"potentialAction\":[{\"@type\":\"SearchAction\",\"target\":\"https:\/\/www.sargamassa.com\/blog\/de\/?s={search_term_string}\",\"query-input\":\"required name=search_term_string\"}],\"inLanguage\":\"de-DE\"},{\"@type\":\"WebPage\",\"@id\":\"https:\/\/www.sargamassa.com\/blog\/de\/inicio\/#webpage\",\"url\":\"https:\/\/www.sargamassa.com\/blog\/de\/inicio\/\",\"name\":\"Blog de S\\u2019Argamassa Boutique Hotel | Gu\\u00eda para descubrir Ibiza\",\"isPartOf\":{\"@id\":\"https:\/\/www.sargamassa.com\/blog\/de\/#website\"},\"datePublished\":\"2026-03-10T12:58:39+00:00\",\"dateModified\":\"2026-03-10T12:58:39+00:00\",\"description\":\"Descubre Ibiza con el blog de S\\u2019Argamassa Boutique Hotel: playas, gastronom\\u00eda y recomendaciones para disfrutar de tu estancia en la isla\",\"breadcrumb\":{\"@id\":\"https:\/\/www.sargamassa.com\/blog\/de\/inicio\/#breadcrumb\"},\"inLanguage\":\"de-DE\",\"potentialAction\":[{\"@type\":\"ReadAction\",\"target\":[\"https:\/\/www.sargamassa.com\/blog\/de\/inicio\/\"]}]},{\"@type\":\"BreadcrumbList\",\"@id\":\"https:\/\/www.sargamassa.com\/blog\/de\/inicio\/#breadcrumb\",\"itemListElement\":[{\"@type\":\"ListItem\",\"position\":1,\"item\":{\"@type\":\"WebPage\",\"@id\":\"https:\/\/www.sargamassa.com\/blog\/de\/\",\"url\":\"https:\/\/www.sargamassa.com\/blog\/de\/\",\"name\":\"Home\"}},{\"@type\":\"ListItem\",\"position\":2,\"item\":{\"@type\":\"WebPage\",\"@id\":\"https:\/\/www.sargamassa.com\/blog\/de\/inicio\/\",\"url\":\"https:\/\/www.sargamassa.com\/blog\/de\/inicio\/\",\"name\":\"Inicio\"}}]}]}<\/script>\n<!-- \/ Yoast SEO plugin. -->","_links":{"self":[{"href":"https:\/\/www.sargamassa.com\/blog\/de\/wp-json\/wp\/v2\/pages\/15001"}],"collection":[{"href":"https:\/\/www.sargamassa.com\/blog\/de\/wp-json\/wp\/v2\/pages"}],"about":[{"href":"https:\/\/www.sargamassa.com\/blog\/de\/wp-json\/wp\/v2\/types\/page"}],"author":[{"embeddable":true,"href":"https:\/\/www.sargamassa.com\/blog\/de\/wp-json\/wp\/v2\/users\/5"}],"replies":[{"embeddable":true,"href":"https:\/\/www.sargamassa.com\/blog\/de\/wp-json\/wp\/v2\/comments?post=15001"}],"version-history":[{"count":1,"href":"https:\/\/www.sargamassa.com\/blog\/de\/wp-json\/wp\/v2\/pages\/15001\/revisions"}],"predecessor-version":[{"id":15002,"href":"https:\/\/www.sargamassa.com\/blog\/de\/wp-json\/wp\/v2\/pages\/15001\/revisions\/15002"}],"wp:attachment":[{"href":"https:\/\/www.sargamassa.com\/blog\/de\/wp-json\/wp\/v2\/media?parent=15001"}],"curies":[{"name":"wp","href":"https:\/\/api.w.org\/{rel}","templated":true}]}}